{"id":8,"date":"2021-07-20T08:29:31","date_gmt":"2021-07-20T08:29:31","guid":{"rendered":"http:\/\/www.specialni-doucovani-hk.cz\/?page_id=8"},"modified":"2021-07-20T19:06:54","modified_gmt":"2021-07-20T19:06:54","slug":"spcialni-doucovani","status":"publish","type":"page","link":"https:\/\/www.specialni-doucovani-hk.cz\/","title":{"rendered":"Nab\u00eddka"},"content":{"rendered":"\n<p class=\"has-large-font-size\"><strong>Mgr. ALENA F\u00d6RSTLOV\u00c1<\/strong><\/p>\n\n\n\n<p class=\"has-medium-font-size\"><strong>Dou\u010dov\u00e1n\u00ed a rozvoj \u017e\u00e1k\u016f 1. stupn\u011b \u017e\u00e1k\u016f Z\u0160:<\/strong><\/p>\n\n\n\n<ul><li>D\u016fraz kladen na jedine\u010dnost a individualitu \u017e\u00e1k\u016f<\/li><li>Rozbor aktu\u00e1ln\u00edch pot\u0159eb \u017e\u00e1k\u016f \u2013 pomoc s dosa\u017een\u00edm stanoven\u00fdch c\u00edl\u016f<\/li><li>Pomoc k z\u00edsk\u00e1n\u00ed sebev\u011bdom\u00ed a radosti ze \u0161koln\u00ed pr\u00e1ce<\/li><li>Klidn\u00e9 prost\u0159ed\u00ed, kter\u00e9 vede k co nejlep\u0161\u00edm v\u00fdsledk\u016fm v r\u00e1mci osobn\u00edch mo\u017enost\u00ed ka\u017ed\u00e9ho \u017e\u00e1ka<\/li><li>Rozvoj \u010dten\u00e1\u0159sk\u00e9 gramotnosti<\/li><\/ul>\n\n\n\n<p class=\"has-medium-font-size\"><strong>Speci\u00e1ln\u011b pedagogick\u00e1 p\u00e9\u010de:<br>Speci\u00e1ln\u00ed a individu\u00e1ln\u00ed p\u0159\u00edstup; uplat\u0148ov\u00e1n\u00ed speci\u00e1ln\u011b pedagogick\u00fdch postup\u016f:<\/strong><\/p>\n\n\n\n<div class=\"wp-block-group\"><div class=\"wp-block-group__inner-container\">\n<ul><li>Pomoc a podpora d\u011bt\u00ed s v\u00fdvojov\u00fdmi poruchami u\u010den\u00ed, motivace<\/li><li>Rozvoj oslaben\u00fdch funkc\u00ed<\/li><li>Pomoc v pl\u00e1nov\u00e1n\u00ed postup\u016f, v orientaci v \u010dinnosti, pomoc se strukturalizac\u00ed u\u010diva, povinnost\u00ed.<\/li><li><strong>Rozvoj:<\/strong>  <\/li><li>grafomotoriky, zrakov\u00e9ho vn\u00edm\u00e1n\u00ed,<\/li><li>sluchov\u00e9 rozli\u0161ov\u00e1n\u00ed, sluchov\u00e9 anal\u00fdzy\/synt\u00e9zy, sluchov\u00e9 pam\u011bti; prostorov\u00e9 orientace, <\/li><li>slovn\u00ed z\u00e1soby a tvo\u0159en\u00ed v\u011bt,<\/li><li>jazykov\u00e9ho citu.<\/li><li><strong>Procvi\u010dov\u00e1n\u00ed: <\/strong> <\/li><li>samostatn\u00e9ho vyhled\u00e1v\u00e1n\u00ed chyb  <\/li><li><strong>Pr\u00e1ce: <\/strong> <\/li><li>se bzu\u010d\u00e1kem,<\/li><li>s textem, orientace v textu, \u010dten\u00ed s porozum\u011bn\u00edm.<\/li><\/ul>\n<\/div><\/div>\n\n\n\n<p class=\"has-medium-font-size\"><strong>Konzulta\u010dn\u00ed \u010dinnost:<\/strong><\/p>\n\n\n\n<ul><li>Konzultace se \u017e\u00e1ky, s rodi\u010di, s dosp\u011bl\u00fdmi.&nbsp; Rozbor situac\u00ed, hled\u00e1n\u00ed pomoci, formy pomoci&nbsp; a pomoc s \u0159e\u0161en\u00edm.<\/li><\/ul>\n\n\n\n<p><\/p>\n\n\n\n<p><\/p>\n\n\n\n<p class=\"has-medium-font-size\" style=\"line-height:1\"><strong>Kontakt: <\/strong><\/p>\n\n\n\n<p style=\"line-height:2.2\"><strong>tel.:<\/strong>  +420 775 975 896<br><strong>e-mail:<\/strong>  fikaa@seznam.cz<\/p>\n\n\n\n<p class=\"has-normal-font-size\">Lekce jsou bu\u010f formou online v\u00fduky, nebo osobn\u011b &#8211; u\u010debna v centru Hradce Kr\u00e1lov\u00e9.<\/p>\n\n\n\n<p>Mo\u017enosti v\u00fduky o pr\u00e1zdnin\u00e1ch a o v\u00edkendech po individu\u00e1ln\u00ed domluv\u011b.<\/p>\n","protected":false},"excerpt":{"rendered":"<p>Mgr. ALENA F\u00d6RSTLOV\u00c1 Dou\u010dov\u00e1n\u00ed a rozvoj \u017e\u00e1k\u016f 1. stupn\u011b \u017e\u00e1k\u016f Z\u0160: D\u016fraz kladen na jedine\u010dnost a individualitu \u017e\u00e1k\u016f Rozbor aktu\u00e1ln\u00edch pot\u0159eb \u017e\u00e1k\u016f \u2013 pomoc s dosa\u017een\u00edm stanoven\u00fdch c\u00edl\u016f Pomoc k z\u00edsk\u00e1n\u00ed sebev\u011bdom\u00ed a radosti ze \u0161koln\u00ed pr\u00e1ce Klidn\u00e9 prost\u0159ed\u00ed, kter\u00e9 vede k co nejlep\u0161\u00edm v\u00fdsledk\u016fm v r\u00e1mci osobn\u00edch mo\u017enost\u00ed ka\u017ed\u00e9ho \u017e\u00e1ka Rozvoj \u010dten\u00e1\u0159sk\u00e9 gramotnosti Speci\u00e1ln\u011b &hellip; <\/p>\n<p class=\"link-more\"><a href=\"https:\/\/www.specialni-doucovani-hk.cz\/\" class=\"more-link\">Pokra\u010dovat ve \u010dten\u00ed<span class=\"screen-reader-text\"> &#8222;Nab\u00eddka&#8220;<\/span><\/a><\/p>\n","protected":false},"author":1,"featured_media":0,"parent":9,"menu_order":0,"comment_status":"closed","ping_status":"closed","template":"","meta":[],"_links":{"self":[{"href":"https:\/\/www.specialni-doucovani-hk.cz\/index.php\/wp-json\/wp\/v2\/pages\/8"}],"collection":[{"href":"https:\/\/www.specialni-doucovani-hk.cz\/index.php\/wp-json\/wp\/v2\/pages"}],"about":[{"href":"https:\/\/www.specialni-doucovani-hk.cz\/index.php\/wp-json\/wp\/v2\/types\/page"}],"author":[{"embeddable":true,"href":"https:\/\/www.specialni-doucovani-hk.cz\/index.php\/wp-json\/wp\/v2\/users\/1"}],"replies":[{"embeddable":true,"href":"https:\/\/www.specialni-doucovani-hk.cz\/index.php\/wp-json\/wp\/v2\/comments?post=8"}],"version-history":[{"count":15,"href":"https:\/\/www.specialni-doucovani-hk.cz\/index.php\/wp-json\/wp\/v2\/pages\/8\/revisions"}],"predecessor-version":[{"id":52,"href":"https:\/\/www.specialni-doucovani-hk.cz\/index.php\/wp-json\/wp\/v2\/pages\/8\/revisions\/52"}],"up":[{"embeddable":true,"href":"https:\/\/www.specialni-doucovani-hk.cz\/index.php\/wp-json\/wp\/v2\/pages\/9"}],"wp:attachment":[{"href":"https:\/\/www.specialni-doucovani-hk.cz\/index.php\/wp-json\/wp\/v2\/media?parent=8"}],"curies":[{"name":"wp","href":"https:\/\/api.w.org\/{rel}","templated":true}]}}