{"id":10,"date":"2021-07-20T08:29:31","date_gmt":"2021-07-20T08:29:31","guid":{"rendered":"http:\/\/www.specialni-doucovani-hk.cz\/?page_id=10"},"modified":"2021-07-20T08:29:31","modified_gmt":"2021-07-20T08:29:31","slug":"kontakt","status":"publish","type":"page","link":"https:\/\/www.specialni-doucovani-hk.cz\/index.php\/kontakt\/","title":{"rendered":"Kontakt"},"content":{"rendered":"\n<p>Tato str\u00e1nka obsahuje n\u011bkolik z\u00e1kladn\u00edch kontaktn\u00edch informac\u00ed, nap\u0159\u00edklad adresu a telefonn\u00ed \u010d\u00edslo. M\u016f\u017eete tak\u00e9 vyzkou\u0161et plugin pro p\u0159id\u00e1n\u00ed kontaktn\u00ed formul\u00e1\u0159e.<\/p>\n","protected":false},"excerpt":{"rendered":"<p>Tato str\u00e1nka obsahuje n\u011bkolik z\u00e1kladn\u00edch kontaktn\u00edch informac\u00ed, nap\u0159\u00edklad adresu a telefonn\u00ed \u010d\u00edslo. M\u016f\u017eete tak\u00e9 vyzkou\u0161et plugin pro p\u0159id\u00e1n\u00ed kontaktn\u00ed formul\u00e1\u0159e.<\/p>\n","protected":false},"author":1,"featured_media":5,"parent":0,"menu_order":0,"comment_status":"closed","ping_status":"closed","template":"","meta":[],"_links":{"self":[{"href":"https:\/\/www.specialni-doucovani-hk.cz\/index.php\/wp-json\/wp\/v2\/pages\/10"}],"collection":[{"href":"https:\/\/www.specialni-doucovani-hk.cz\/index.php\/wp-json\/wp\/v2\/pages"}],"about":[{"href":"https:\/\/www.specialni-doucovani-hk.cz\/index.php\/wp-json\/wp\/v2\/types\/page"}],"author":[{"embeddable":true,"href":"https:\/\/www.specialni-doucovani-hk.cz\/index.php\/wp-json\/wp\/v2\/users\/1"}],"replies":[{"embeddable":true,"href":"https:\/\/www.specialni-doucovani-hk.cz\/index.php\/wp-json\/wp\/v2\/comments?post=10"}],"version-history":[{"count":1,"href":"https:\/\/www.specialni-doucovani-hk.cz\/index.php\/wp-json\/wp\/v2\/pages\/10\/revisions"}],"predecessor-version":[{"id":20,"href":"https:\/\/www.specialni-doucovani-hk.cz\/index.php\/wp-json\/wp\/v2\/pages\/10\/revisions\/20"}],"wp:featuredmedia":[{"embeddable":true,"href":"https:\/\/www.specialni-doucovani-hk.cz\/index.php\/wp-json\/wp\/v2\/media\/5"}],"wp:attachment":[{"href":"https:\/\/www.specialni-doucovani-hk.cz\/index.php\/wp-json\/wp\/v2\/media?parent=10"}],"curies":[{"name":"wp","href":"https:\/\/api.w.org\/{rel}","templated":true}]}}